{"id":2,"date":"2016-08-26T14:18:44","date_gmt":"2016-08-26T12:18:44","guid":{"rendered":"http:\/\/www.buntpapierwelt.de\/blog\/?page_id=2"},"modified":"2021-07-15T14:52:43","modified_gmt":"2021-07-15T12:52:43","slug":"startseite","status":"publish","type":"page","link":"https:\/\/www.buntpapierwelt.de\/blog\/","title":{"rendered":"Startseite"},"content":{"rendered":"<p>[et_pb_section fb_built=&#8220;1&#8243; fullwidth=&#8220;on&#8220; custom_padding_last_edited=&#8220;on|desktop&#8220; admin_label=&#8220;section&#8220; _builder_version=&#8220;3.22&#8243; background_color=&#8220;#50bcbe&#8220; custom_padding_tablet=&#8220;50px|0|50px|0&#8243; custom_padding_phone=&#8220;&#8220; transparent_background=&#8220;off&#8220; padding_mobile=&#8220;off&#8220; make_fullwidth=&#8220;off&#8220; use_custom_width=&#8220;off&#8220; width_unit=&#8220;on&#8220;][et_pb_fullwidth_header title=&#8220;Der Kreativ-Blog der Buntpapierwelt&#8220; subhead=&#8220;Sch\u00f6ne Bastelanleitungen, die Dich inspirieren&#8220; content_max_width=&#8220;none&#8220; admin_label=&#8220;Fullwidth Header&#8220; _builder_version=&#8220;3.16&#8243; subhead_font_size=&#8220;30px&#8220; background_color=&#8220;rgba(255, 255, 255, 0)&#8220; button_one_letter_spacing_hover=&#8220;0&#8243; button_two_letter_spacing_hover=&#8220;0&#8243; button_one_text_size__hover_enabled=&#8220;off&#8220; button_two_text_size__hover_enabled=&#8220;off&#8220; button_one_text_color__hover_enabled=&#8220;off&#8220; button_two_text_color__hover_enabled=&#8220;off&#8220; button_one_border_width__hover_enabled=&#8220;off&#8220; button_two_border_width__hover_enabled=&#8220;off&#8220; button_one_border_color__hover_enabled=&#8220;off&#8220; button_two_border_color__hover_enabled=&#8220;off&#8220; button_one_border_radius__hover_enabled=&#8220;off&#8220; button_two_border_radius__hover_enabled=&#8220;off&#8220; button_one_letter_spacing__hover_enabled=&#8220;on&#8220; button_one_letter_spacing__hover=&#8220;0&#8243; button_two_letter_spacing__hover_enabled=&#8220;on&#8220; button_two_letter_spacing__hover=&#8220;0&#8243; button_one_bg_color__hover_enabled=&#8220;off&#8220; button_two_bg_color__hover_enabled=&#8220;off&#8220;] &nbsp; <\/p>\n<p>Im Kreativ-Blog der Buntpapierwelt erwarten Euch kreative Bastelideen und viele Bastelanleitungen f\u00fcr Gro\u00df und Klein. Alle Anleitungen sind in einzelnen Schritten einfach nachzuvollziehen und in Wort und Bild beschrieben. Nat\u00fcrlich ist immer auch eine Materialliste mit aufgef\u00fchrt. Die ben\u00f6tigten Vorlageb\u00f6gen k\u00f6nnt Ihr mit einem Klick ausdrucken.<\/p>\n<p> &nbsp;<\/p>\n<p><strong>Lass\u00b4 Dich inspirieren und starte Dein Bastelprojekt jetzt!<\/strong><\/p>\n<p>[\/et_pb_fullwidth_header][\/et_pb_section][et_pb_section fb_built=&#8220;1&#8243; admin_label=&#8220;section&#8220; _builder_version=&#8220;3.22&#8243; hover_enabled=&#8220;0&#8243; disabled_on=&#8220;on|on|on&#8220; disabled=&#8220;on&#8220; sticky_enabled=&#8220;0&#8243;][et_pb_column type=&#8220;3_4&#8243; _builder_version=&#8220;3.25&#8243; custom_padding=&#8220;|||&#8220; custom_padding__hover=&#8220;|||&#8220;][et_pb_column type=&#8220;4_4&#8243; _builder_version=&#8220;4.9.4&#8243; _module_preset=&#8220;default&#8220;][\/et_pb_column][\/et_pb_column][et_pb_text admin_label=&#8220;Text&#8220; _builder_version=&#8220;3.27.4&#8243; text_font_size=&#8220;18&#8243; background_size=&#8220;initial&#8220; background_position=&#8220;top_left&#8220; background_repeat=&#8220;repeat&#8220; use_border_color=&#8220;off&#8220; border_color=&#8220;#ffffff&#8220; border_style=&#8220;solid&#8220;][et_pb_column _builder_version=&#8220;4.9.4&#8243; _module_preset=&#8220;default&#8220; type=&#8220;4_4&#8243;][\/et_pb_column][\/et_pb_text][\/et_pb_section][et_pb_section fb_built=&#8220;1&#8243; admin_label=&#8220;section&#8220; _builder_version=&#8220;3.22&#8243; background_color=&#8220;rgba(255,255,255,0)&#8220; transparent_background=&#8220;on&#8220;][et_pb_row column_structure=&#8220;3_4,1_4&#8243; admin_label=&#8220;row&#8220; _builder_version=&#8220;3.25&#8243; background_size=&#8220;initial&#8220; background_position=&#8220;top_left&#8220; background_repeat=&#8220;repeat&#8220;][et_pb_column type=&#8220;3_4&#8243; _builder_version=&#8220;3.25&#8243; custom_padding=&#8220;|||&#8220; custom_padding__hover=&#8220;|||&#8220;][et_pb_blog posts_number=&#8220;20&#8243; include_categories=&#8220;1&#8243; show_more=&#8220;on&#8220; show_comments=&#8220;on&#8220; admin_label=&#8220;Blog&#8220; _builder_version=&#8220;3.0.94&#8243; use_border_color=&#8220;off&#8220; border_color=&#8220;#ffffff&#8220; border_style=&#8220;solid&#8220; use_dropshadow=&#8220;off&#8220;][\/et_pb_blog][\/et_pb_column][et_pb_column type=&#8220;1_4&#8243; _builder_version=&#8220;3.25&#8243; custom_padding=&#8220;|||&#8220; custom_padding__hover=&#8220;|||&#8220;][et_pb_testimonial author=&#8220;Ursus&#8220; job_title=&#8220;Kreativ Blogger aus Kassel&#8220; portrait_url=&#8220;https:\/\/www.buntpapierwelt.de\/blog\/wp-content\/uploads\/ursus_baehr_kreative_blogger.jpg&#8220; quote_icon=&#8220;off&#8220; admin_label=&#8220;Ursus&#8220; _builder_version=&#8220;3.2&#8243; body_text_color=&#8220;#000000&#8243; background_color=&#8220;#50bcbe&#8220; background_size=&#8220;initial&#8220; background_position=&#8220;top_left&#8220; background_repeat=&#8220;repeat&#8220; use_border_color=&#8220;off&#8220; border_color=&#8220;#ffffff&#8220; border_style=&#8220;solid&#8220;]<\/p>\n<p>Seit \u00fcber <strong>198 Jahren<\/strong> entwickelt der kleine B\u00e4(h)r in der <a href=\"https:\/\/www.ursus-basteln.de\/\" title=\"Mehr \u00fcber Ursus erfahren\">Buntpapierfabrik Ludwig B\u00e4hr<\/a> mit enormer Kreativit\u00e4t Papiere f\u00fcr den K\u00fcnstler- und Bastelbedarf. Trotzdem findet er noch Zeit, um regelm\u00e4\u00dfig Bastelanleitungen f\u00fcr au\u00dfergew\u00f6hnliche Bastelideen zum selbst basteln zu posten. Teilt Ursus Eure Erfahrungen zu den Bastelanleitungen mit \u2013 er freut sich \u00fcber jeden einzelnen Kommentar.<\/p>\n<p>[\/et_pb_testimonial][et_pb_testimonial author=&#8220;Stephanie&#8220; job_title=&#8220;Kreativ Bloggerin aus Flensburg&#8220; portrait_url=&#8220;https:\/\/www.buntpapierwelt.de\/blog\/wp-content\/uploads\/stefanie-feghelm_kreativ_bloggerin.png&#8220; quote_icon=&#8220;off&#8220; admin_label=&#8220;Stephanie&#8220; _builder_version=&#8220;3.2&#8243; body_text_color=&#8220;#000000&#8243; background_color=&#8220;#50bcbe&#8220; background_size=&#8220;initial&#8220; background_position=&#8220;top_left&#8220; background_repeat=&#8220;repeat&#8220; background_layout=&#8220;dark&#8220; use_border_color=&#8220;off&#8220; border_color=&#8220;#ffffff&#8220; border_style=&#8220;solid&#8220;]<\/p>\n<p>Als Buchautorin und langj\u00e4hrige Verlags-Redakteurin ist das Bloggen eine gro\u00dfe Freude f\u00fcr mich, mein Fachwissen in den Bereichen kreatives Basteln, Gestalten und Dekorieren zu teilen. Ich freue mich auf einen netten Austausch mit Euch!<\/p>\n<p>[\/et_pb_testimonial][et_pb_social_media_follow admin_label=&#8220;Sozialen Medien folgen&#8220; _builder_version=&#8220;3.0.87&#8243; background_layout=&#8220;dark&#8220; link_shape=&#8220;rounded_rectangle&#8220;]<a target=\"_blank\" href=\"https:\/\/www.facebook.com\/buntpapierwelt\" title=\"Buntpapierwelt auf Facebook\" rel=\"noopener noreferrer\" class=\"broken_link\"><img alt=\"Buntpapierwelt auf Facebook\" title=\"Buntpapierwelt auf Facebook\" src=\"https:\/\/www.buntpapierwelt.de\/blog\/wp-content\/uploads\/facebook-logo.jpg\" width=\"32\"><\/a><\/p>\n<p><a target=\"_blank\" href=\"https:\/\/twitter.com\/buntpapierwelt\" title=\"Buntpapierwelt auf Twitter\" rel=\"noopener noreferrer\"><img alt=\"Buntpapierwelt auf Twitter\" title=\"Buntpapierwelt auf Twitter\" src=\"https:\/\/www.buntpapierwelt.de\/blog\/wp-content\/uploads\/twitter-logo.jpg\" width=\"32\"><\/a><\/p>\n<p><a target=\"_blank\" href=\"https:\/\/www.youtube.com\/channel\/UCL6OszYNdqjY2rjjOI2nGtw\/videos\" title=\"Buntpapierwelt auf YouTube\" rel=\"noopener noreferrer\"><img alt=\"Buntpapierwelt auf YouTube\" title=\"Buntpapierwelt auf YouTube\" src=\"https:\/\/www.buntpapierwelt.de\/blog\/wp-content\/uploads\/youtube-logo.jpg\" width=\"32\"><\/a>[\/et_pb_social_media_follow][et_pb_code disabled_on=&#8220;on|on|&#8220; admin_label=&#8220;Code&#8220;]<a href=\"https:\/\/www.bloggerei.de\/\" title=\"Bloggerei.de\"><img loading=\"lazy\" src=\"https:\/\/www.bloggerei.de\/bgpublicon.jpg\" width=\"80\" height=\"15\" border=\"0\" alt=\"Blogverzeichnis - Bloggerei.de\" \/><\/a>[\/et_pb_code][\/et_pb_column][\/et_pb_row][\/et_pb_section]<\/p>\n","protected":false},"excerpt":{"rendered":"<p>[et_pb_section fb_built=&#8220;1&#8243; fullwidth=&#8220;on&#8220; custom_padding_last_edited=&#8220;on|desktop&#8220; admin_label=&#8220;section&#8220; _builder_version=&#8220;3.22&#8243; background_color=&#8220;#50bcbe&#8220; custom_padding_tablet=&#8220;50px|0|50px|0&#8243; custom_padding_phone=&#8220;&#8220; transparent_background=&#8220;off&#8220; padding_mobile=&#8220;off&#8220; make_fullwidth=&#8220;off&#8220; use_custom_width=&#8220;off&#8220; width_unit=&#8220;on&#8220;][et_pb_fullwidth_header title=&#8220;Der Kreativ-Blog der Buntpapierwelt&#8220; subhead=&#8220;Sch\u00f6ne Bastelanleitungen, die Dich inspirieren&#8220; content_max_width=&#8220;none&#8220; admin_label=&#8220;Fullwidth Header&#8220; _builder_version=&#8220;3.16&#8243; subhead_font_size=&#8220;30px&#8220; background_color=&#8220;rgba(255, 255, 255, 0)&#8220; button_one_letter_spacing_hover=&#8220;0&#8243; button_two_letter_spacing_hover=&#8220;0&#8243; button_one_text_size__hover_enabled=&#8220;off&#8220; button_two_text_size__hover_enabled=&#8220;off&#8220; button_one_text_color__hover_enabled=&#8220;off&#8220; button_two_text_color__hover_enabled=&#8220;off&#8220; button_one_border_width__hover_enabled=&#8220;off&#8220; button_two_border_width__hover_enabled=&#8220;off&#8220; button_one_border_color__hover_enabled=&#8220;off&#8220; button_two_border_color__hover_enabled=&#8220;off&#8220; button_one_border_radius__hover_enabled=&#8220;off&#8220; button_two_border_radius__hover_enabled=&#8220;off&#8220; button_one_letter_spacing__hover_enabled=&#8220;on&#8220; button_one_letter_spacing__hover=&#8220;0&#8243; button_two_letter_spacing__hover_enabled=&#8220;on&#8220; button_two_letter_spacing__hover=&#8220;0&#8243; button_one_bg_color__hover_enabled=&#8220;off&#8220; button_two_bg_color__hover_enabled=&#8220;off&#8220;] &nbsp; Im Kreativ-Blog der Buntpapierwelt [&hellip;]<\/p>\n","protected":false},"author":1,"featured_media":0,"parent":0,"menu_order":0,"comment_status":"closed","ping_status":"closed","template":"","meta":{"_et_pb_use_builder":"on","_et_pb_old_content":"","_et_gb_content_width":""},"yoast_head":"<!-- This site is optimized with the Yoast SEO plugin v19.8 - https:\/\/yoast.com\/wordpress\/plugins\/seo\/ -->\n<title>Kreativ-Blog mit vielen Bastelanleitungen zum kostenlosen Herunterladen<\/title>\n<meta name=\"description\" content=\"Dieser Kreativ-Blog wird unterst\u00fctzt vom Onlineshop Buntpapierwelt.de, um das regelm\u00e4\u00dfige Bloggen zu erm\u00f6glichen. Alle Bastelanleitungen sind kostenfrei.\" \/>\n<meta name=\"robots\" content=\"index, follow, max-snippet:-1, max-image-preview:large, max-video-preview:-1\" \/>\n<link rel=\"canonical\" href=\"https:\/\/www.buntpapierwelt.de\/blog\/\" \/>\n<meta property=\"og:locale\" content=\"de_DE\" \/>\n<meta property=\"og:type\" content=\"article\" \/>\n<meta property=\"og:title\" content=\"Kreativ-Blog mit vielen Bastelanleitungen zum kostenlosen Herunterladen\" \/>\n<meta property=\"og:description\" content=\"Dieser Kreativ-Blog wird unterst\u00fctzt vom Onlineshop Buntpapierwelt.de, um das regelm\u00e4\u00dfige Bloggen zu erm\u00f6glichen. Alle Bastelanleitungen sind kostenfrei.\" \/>\n<meta property=\"og:url\" content=\"https:\/\/www.buntpapierwelt.de\/blog\/\" \/>\n<meta property=\"og:site_name\" content=\"Kreativ-Blog\" \/>\n<meta property=\"article:modified_time\" content=\"2021-07-15T12:52:43+00:00\" \/>\n<meta property=\"og:image\" content=\"https:\/\/www.buntpapierwelt.de\/blog\/wp-content\/uploads\/facebook-logo.jpg\" \/>\n<meta name=\"twitter:card\" content=\"summary_large_image\" \/>\n<meta name=\"twitter:label1\" content=\"Gesch\u00e4tzte Lesezeit\" \/>\n\t<meta name=\"twitter:data1\" content=\"4 Minuten\" \/>\n<script type=\"application\/ld+json\" class=\"yoast-schema-graph\">{\"@context\":\"https:\/\/schema.org\",\"@graph\":[{\"@type\":\"WebPage\",\"@id\":\"https:\/\/www.buntpapierwelt.de\/blog\/\",\"url\":\"https:\/\/www.buntpapierwelt.de\/blog\/\",\"name\":\"Kreativ-Blog mit vielen Bastelanleitungen zum kostenlosen Herunterladen\",\"isPartOf\":{\"@id\":\"https:\/\/www.buntpapierwelt.de\/blog\/#website\"},\"datePublished\":\"2016-08-26T12:18:44+00:00\",\"dateModified\":\"2021-07-15T12:52:43+00:00\",\"description\":\"Dieser Kreativ-Blog wird unterst\u00fctzt vom Onlineshop Buntpapierwelt.de, um das regelm\u00e4\u00dfige Bloggen zu erm\u00f6glichen. Alle Bastelanleitungen sind kostenfrei.\",\"breadcrumb\":{\"@id\":\"https:\/\/www.buntpapierwelt.de\/blog\/#breadcrumb\"},\"inLanguage\":\"de-DE\",\"potentialAction\":[{\"@type\":\"ReadAction\",\"target\":[\"https:\/\/www.buntpapierwelt.de\/blog\/\"]}]},{\"@type\":\"BreadcrumbList\",\"@id\":\"https:\/\/www.buntpapierwelt.de\/blog\/#breadcrumb\",\"itemListElement\":[{\"@type\":\"ListItem\",\"position\":1,\"name\":\"Startseite\",\"item\":\"https:\/\/www.buntpapierwelt.de\/blog\/\"},{\"@type\":\"ListItem\",\"position\":2,\"name\":\"Startseite\"}]},{\"@type\":\"WebSite\",\"@id\":\"https:\/\/www.buntpapierwelt.de\/blog\/#website\",\"url\":\"https:\/\/www.buntpapierwelt.de\/blog\/\",\"name\":\"Kreativ-Blog\",\"description\":\"Die Buntpapierwelt pr\u00e4sentiert auf diesen Seiten w\u00f6chentlich neue kreative Bastelideen\",\"publisher\":{\"@id\":\"https:\/\/www.buntpapierwelt.de\/blog\/#\/schema\/person\/21d7fd1a11704fb1099d7b49717172c6\"},\"potentialAction\":[{\"@type\":\"SearchAction\",\"target\":{\"@type\":\"EntryPoint\",\"urlTemplate\":\"https:\/\/www.buntpapierwelt.de\/blog\/?s={search_term_string}\"},\"query-input\":\"required name=search_term_string\"}],\"inLanguage\":\"de-DE\"},{\"@type\":[\"Person\",\"Organization\"],\"@id\":\"https:\/\/www.buntpapierwelt.de\/blog\/#\/schema\/person\/21d7fd1a11704fb1099d7b49717172c6\",\"name\":\"Ursus\",\"image\":{\"@type\":\"ImageObject\",\"inLanguage\":\"de-DE\",\"@id\":\"https:\/\/www.buntpapierwelt.de\/blog\/#\/schema\/person\/image\/\",\"url\":\"https:\/\/www.buntpapierwelt.de\/blog\/wp-content\/uploads\/ursus_baehr_kreative_blogger.jpg\",\"contentUrl\":\"https:\/\/www.buntpapierwelt.de\/blog\/wp-content\/uploads\/ursus_baehr_kreative_blogger.jpg\",\"width\":196,\"height\":196,\"caption\":\"Ursus\"},\"logo\":{\"@id\":\"https:\/\/www.buntpapierwelt.de\/blog\/#\/schema\/person\/image\/\"}}]}<\/script>\n<!-- \/ Yoast SEO plugin. -->","yoast_head_json":{"title":"Kreativ-Blog mit vielen Bastelanleitungen zum kostenlosen Herunterladen","description":"Dieser Kreativ-Blog wird unterst\u00fctzt vom Onlineshop Buntpapierwelt.de, um das regelm\u00e4\u00dfige Bloggen zu erm\u00f6glichen. Alle Bastelanleitungen sind kostenfrei.","robots":{"index":"index","follow":"follow","max-snippet":"max-snippet:-1","max-image-preview":"max-image-preview:large","max-video-preview":"max-video-preview:-1"},"canonical":"https:\/\/www.buntpapierwelt.de\/blog\/","og_locale":"de_DE","og_type":"article","og_title":"Kreativ-Blog mit vielen Bastelanleitungen zum kostenlosen Herunterladen","og_description":"Dieser Kreativ-Blog wird unterst\u00fctzt vom Onlineshop Buntpapierwelt.de, um das regelm\u00e4\u00dfige Bloggen zu erm\u00f6glichen. Alle Bastelanleitungen sind kostenfrei.","og_url":"https:\/\/www.buntpapierwelt.de\/blog\/","og_site_name":"Kreativ-Blog","article_modified_time":"2021-07-15T12:52:43+00:00","og_image":[{"url":"https:\/\/www.buntpapierwelt.de\/blog\/wp-content\/uploads\/facebook-logo.jpg"}],"twitter_card":"summary_large_image","twitter_misc":{"Gesch\u00e4tzte Lesezeit":"4 Minuten"},"schema":{"@context":"https:\/\/schema.org","@graph":[{"@type":"WebPage","@id":"https:\/\/www.buntpapierwelt.de\/blog\/","url":"https:\/\/www.buntpapierwelt.de\/blog\/","name":"Kreativ-Blog mit vielen Bastelanleitungen zum kostenlosen Herunterladen","isPartOf":{"@id":"https:\/\/www.buntpapierwelt.de\/blog\/#website"},"datePublished":"2016-08-26T12:18:44+00:00","dateModified":"2021-07-15T12:52:43+00:00","description":"Dieser Kreativ-Blog wird unterst\u00fctzt vom Onlineshop Buntpapierwelt.de, um das regelm\u00e4\u00dfige Bloggen zu erm\u00f6glichen. Alle Bastelanleitungen sind kostenfrei.","breadcrumb":{"@id":"https:\/\/www.buntpapierwelt.de\/blog\/#breadcrumb"},"inLanguage":"de-DE","potentialAction":[{"@type":"ReadAction","target":["https:\/\/www.buntpapierwelt.de\/blog\/"]}]},{"@type":"BreadcrumbList","@id":"https:\/\/www.buntpapierwelt.de\/blog\/#breadcrumb","itemListElement":[{"@type":"ListItem","position":1,"name":"Startseite","item":"https:\/\/www.buntpapierwelt.de\/blog\/"},{"@type":"ListItem","position":2,"name":"Startseite"}]},{"@type":"WebSite","@id":"https:\/\/www.buntpapierwelt.de\/blog\/#website","url":"https:\/\/www.buntpapierwelt.de\/blog\/","name":"Kreativ-Blog","description":"Die Buntpapierwelt pr\u00e4sentiert auf diesen Seiten w\u00f6chentlich neue kreative Bastelideen","publisher":{"@id":"https:\/\/www.buntpapierwelt.de\/blog\/#\/schema\/person\/21d7fd1a11704fb1099d7b49717172c6"},"potentialAction":[{"@type":"SearchAction","target":{"@type":"EntryPoint","urlTemplate":"https:\/\/www.buntpapierwelt.de\/blog\/?s={search_term_string}"},"query-input":"required name=search_term_string"}],"inLanguage":"de-DE"},{"@type":["Person","Organization"],"@id":"https:\/\/www.buntpapierwelt.de\/blog\/#\/schema\/person\/21d7fd1a11704fb1099d7b49717172c6","name":"Ursus","image":{"@type":"ImageObject","inLanguage":"de-DE","@id":"https:\/\/www.buntpapierwelt.de\/blog\/#\/schema\/person\/image\/","url":"https:\/\/www.buntpapierwelt.de\/blog\/wp-content\/uploads\/ursus_baehr_kreative_blogger.jpg","contentUrl":"https:\/\/www.buntpapierwelt.de\/blog\/wp-content\/uploads\/ursus_baehr_kreative_blogger.jpg","width":196,"height":196,"caption":"Ursus"},"logo":{"@id":"https:\/\/www.buntpapierwelt.de\/blog\/#\/schema\/person\/image\/"}}]}},"_links":{"self":[{"href":"https:\/\/www.buntpapierwelt.de\/blog\/wp-json\/wp\/v2\/pages\/2"}],"collection":[{"href":"https:\/\/www.buntpapierwelt.de\/blog\/wp-json\/wp\/v2\/pages"}],"about":[{"href":"https:\/\/www.buntpapierwelt.de\/blog\/wp-json\/wp\/v2\/types\/page"}],"author":[{"embeddable":true,"href":"https:\/\/www.buntpapierwelt.de\/blog\/wp-json\/wp\/v2\/users\/1"}],"replies":[{"embeddable":true,"href":"https:\/\/www.buntpapierwelt.de\/blog\/wp-json\/wp\/v2\/comments?post=2"}],"version-history":[{"count":116,"href":"https:\/\/www.buntpapierwelt.de\/blog\/wp-json\/wp\/v2\/pages\/2\/revisions"}],"predecessor-version":[{"id":8049,"href":"https:\/\/www.buntpapierwelt.de\/blog\/wp-json\/wp\/v2\/pages\/2\/revisions\/8049"}],"wp:attachment":[{"href":"https:\/\/www.buntpapierwelt.de\/blog\/wp-json\/wp\/v2\/media?parent=2"}],"curies":[{"name":"wp","href":"https:\/\/api.w.org\/{rel}","templated":true}]}}